{"id":855,"date":"2021-06-24T10:23:45","date_gmt":"2021-06-24T08:23:45","guid":{"rendered":"https:\/\/organicjerseyfarm.okaia.dev\/?page_id=855"},"modified":"2025-04-02T16:59:38","modified_gmt":"2025-04-02T14:59:38","slug":"green-fair","status":"publish","type":"page","link":"https:\/\/icecreammakers.world\/de\/green-fair\/","title":{"rendered":"Green &amp; Fair"},"content":{"rendered":"<div class=\"block\">\n\n   <div class=\"grid-container\">\n\n      <svg class=\"textblock-blob\" id=\"textblock-blob\" viewBox=\"0 0 200 200\">\n         <g transform=\"translate(100,100)\">\n           <path class=\"p\" d=\"M40.3,-55.3C48.7,-41,49.5,-24.9,54,-8.2C58.5,8.5,66.7,25.9,62.1,37.7C57.5,49.6,40.1,56,24.9,56.1C9.8,56.3,-3.1,50.2,-17.4,45.9C-31.7,41.5,-47.4,39,-59.1,29.1C-70.7,19.2,-78.3,2,-75.9,-13.7C-73.5,-29.4,-61.1,-43.7,-46.7,-56.9C-32.4,-70.1,-16.2,-82.3,-0.1,-82.2C16,-82.1,31.9,-69.6,40.3,-55.3Z\"\/>\n         <\/g>\n      <\/svg>\n\n      <div class=\"grid-x\">\n         <div class=\"cell large-8\">\n            <div class=\"content\">\n               <h3><strong>Gesundes Biofutter von weitl\u00e4ufigen Weiden und fruchtbaren Feldern<\/strong><\/h3>\n<p>Wir arbeiten auf unseren vier Bauernh\u00f6fen nach den Prinzipien der 4 Returns. Nachhaltigkeit, Kreislaufwirtschaft und das Arbeiten in Verantwortung f\u00fcr die n\u00e4chsten Generationen sind die Grundprinzipien f\u00fcr die Bewirtschaftung der Betriebe.<\/p>\n<p>Das kr\u00e4uterreiche Weideland unserer Bauernh\u00f6fe liegt im Naturpark Sternberger Seenland, ein wundersch\u00f6nes Gebiet mit gro\u00dfer Artenvielfalt, W\u00e4ldern und Seen.<\/p>\n<p>Dort steht unseren Rindern viel Platz zur Verf\u00fcgung, sie k\u00f6nnen sich frei bewegen. Hier verrichten unsere kleinen Jerseyk\u00fche das kleine Wunder:<\/p>\n<p>Sie grasen das frische Gras und die Kr\u00e4uter von den nat\u00fcrlich bewirtschafteten Weiden und produzieren daraus ihre einzigartig gehaltvolle, cremige Milch.<\/p>\n<p>Auf die Felder und Weiden bringen wir nur den nat\u00fcrlichen D\u00fcnger aus, den die K\u00fche abgeben. Wir sorgen daf\u00fcr, dass eine artenreiche, nat\u00fcrliche Mischung aus Gr\u00e4sern und Kr\u00e4utern w\u00e4chst.<\/p>\n            <\/div>\n         <\/div>\n      <\/div>\n\n   <\/div>\n\n<\/div>\n\n\n<div class=\"block double-image\">\n   <div class=\"grid-x grid-margin-x\">\n      <div class=\"cell large-6\">\n         <img loading=\"lazy\" decoding=\"async\" width=\"1079\" height=\"720\" src=\"https:\/\/icecreammakers.world\/wp-content\/uploads\/2021\/05\/Kaarz_Kuhpoon_Landwirtschaft_Ku\u0308he-2474-1079x720.jpg\" class=\"image\" alt=\"\" srcset=\"https:\/\/icecreammakers.world\/wp-content\/uploads\/2021\/05\/Kaarz_Kuhpoon_Landwirtschaft_Ku\u0308he-2474-1079x720.jpg 1079w, https:\/\/icecreammakers.world\/wp-content\/uploads\/2021\/05\/Kaarz_Kuhpoon_Landwirtschaft_Ku\u0308he-2474-640x427.jpg 640w\" sizes=\"auto, (max-width: 1079px) 100vw, 1079px\" \/>      <\/div>\n      <div class=\"cell large-6\">\n         <img loading=\"lazy\" decoding=\"async\" width=\"1079\" height=\"720\" src=\"https:\/\/icecreammakers.world\/wp-content\/uploads\/2021\/05\/Kaarz_Kuhpoon_Landwirtschaft_Ku\u0308he-2440-1079x720.jpg\" class=\"image\" alt=\"\" srcset=\"https:\/\/icecreammakers.world\/wp-content\/uploads\/2021\/05\/Kaarz_Kuhpoon_Landwirtschaft_Ku\u0308he-2440-1079x720.jpg 1079w, https:\/\/icecreammakers.world\/wp-content\/uploads\/2021\/05\/Kaarz_Kuhpoon_Landwirtschaft_Ku\u0308he-2440-640x427.jpg 640w, https:\/\/icecreammakers.world\/wp-content\/uploads\/2021\/05\/Kaarz_Kuhpoon_Landwirtschaft_Ku\u0308he-2440-768x513.jpg 768w, https:\/\/icecreammakers.world\/wp-content\/uploads\/2021\/05\/Kaarz_Kuhpoon_Landwirtschaft_Ku\u0308he-2440-1536x1025.jpg 1536w, https:\/\/icecreammakers.world\/wp-content\/uploads\/2021\/05\/Kaarz_Kuhpoon_Landwirtschaft_Ku\u0308he-2440-2048x1367.jpg 2048w\" sizes=\"auto, (max-width: 1079px) 100vw, 1079px\" \/>      <\/div>\n   <\/div>\n<\/div>\n\n\n<div class=\"block\">\n   <div class=\"grid-container\">\n      <div class=\"inner\">\n         <div class=\"grid-x grid-margin-x align-middle\">\n\n            <div class=\"cell small-order-2 large-order-1  large-6 \">\n               <div class=\"content\">\n                  <h3><strong>Kleine K\u00fche, viel Spa\u00df<\/strong><\/h3>\n<p>Jerseyk\u00fche sind eine kleine Rinderrasse mit viel Charakter. Sie sind f\u00fcr ihre Verspieltheit, Neugier und Intelligenz bekannt und es macht viel Spa\u00df, mit ihnen zu arbeiten. Manche behaupten gar, dass dieser freie, nat\u00fcrliche Geist zum vollen Geschmack unserer Eiscreme beitr\u00e4gt. Egal ob das stimmt oder nicht, unserer Meinung nach profitieren unsere Eiscreme und Ihre Kunden davon, wenn unsere K\u00fche gl\u00fccklich sind!<\/p>\n                                    <\/div>\n            <\/div>\n\n            <div class=\"cell small-order-1 large-5 large-order-1 large-offset-1\">\n               <div class=\"image-slider\">\n\n                                                                                <div class=\"item\">\n                                     <img loading=\"lazy\" decoding=\"async\" width=\"768\" height=\"512\" src=\"https:\/\/icecreammakers.world\/wp-content\/uploads\/2021\/05\/Kuhpon-Kaarz-AVS-Konferenz-2019-2-768x512.jpg\" class=\"attachment-medium_large size-medium_large\" alt=\"\" srcset=\"https:\/\/icecreammakers.world\/wp-content\/uploads\/2021\/05\/Kuhpon-Kaarz-AVS-Konferenz-2019-2-768x512.jpg 768w, https:\/\/icecreammakers.world\/wp-content\/uploads\/2021\/05\/Kuhpon-Kaarz-AVS-Konferenz-2019-2-640x427.jpg 640w, https:\/\/icecreammakers.world\/wp-content\/uploads\/2021\/05\/Kuhpon-Kaarz-AVS-Konferenz-2019-2-1080x720.jpg 1080w, https:\/\/icecreammakers.world\/wp-content\/uploads\/2021\/05\/Kuhpon-Kaarz-AVS-Konferenz-2019-2-1536x1024.jpg 1536w, https:\/\/icecreammakers.world\/wp-content\/uploads\/2021\/05\/Kuhpon-Kaarz-AVS-Konferenz-2019-2-2048x1365.jpg 2048w\" sizes=\"auto, (max-width: 768px) 100vw, 768px\" \/>                                 <\/div>\n                                                              <div class=\"item\">\n                                     <img loading=\"lazy\" decoding=\"async\" width=\"768\" height=\"768\" src=\"https:\/\/icecreammakers.world\/wp-content\/uploads\/2021\/05\/Kaarz_Kuhpoon_Landwirtschaft_Ku\u0308he_Sta\u0308lle_Melken-0176-1080x1080.jpg\" class=\"attachment-medium_large size-medium_large\" alt=\"\" srcset=\"https:\/\/icecreammakers.world\/wp-content\/uploads\/2021\/05\/Kaarz_Kuhpoon_Landwirtschaft_Ku\u0308he_Sta\u0308lle_Melken-0176-1080x1080.jpg 1080w, https:\/\/icecreammakers.world\/wp-content\/uploads\/2021\/05\/Kaarz_Kuhpoon_Landwirtschaft_Ku\u0308he_Sta\u0308lle_Melken-0176-150x150.jpg 150w\" sizes=\"auto, (max-width: 768px) 100vw, 768px\" \/>                                 <\/div>\n                                                              <div class=\"item\">\n                                     <img loading=\"lazy\" decoding=\"async\" width=\"768\" height=\"768\" src=\"https:\/\/icecreammakers.world\/wp-content\/uploads\/2021\/05\/Jersey_3-1-1080x1080.jpg\" class=\"attachment-medium_large size-medium_large\" alt=\"\" srcset=\"https:\/\/icecreammakers.world\/wp-content\/uploads\/2021\/05\/Jersey_3-1-1080x1080.jpg 1080w, https:\/\/icecreammakers.world\/wp-content\/uploads\/2021\/05\/Jersey_3-1-150x150.jpg 150w\" sizes=\"auto, (max-width: 768px) 100vw, 768px\" \/>                                 <\/div>\n                                                  \n               <\/div>\n            <\/div>\n\n         <\/div>\n      <\/div>\n   <\/div>\n\n   <img decoding=\"async\" class=\"background-shape\" src=\"https:\/\/icecreammakers.world\/wp-content\/themes\/tojf\/img\/blob4.svg\" alt=\"\">\n\n<\/div>\n\n\n<div class=\"block textblock-image \"  >\n   <div class=\"inner\">\n      <div class=\"grid-container\">\n         <div class=\"grid-x grid-margin-x  align-middle\">\n\n            <div class=\"cell large-6 small-order-2  large-order-2 large-offset-1 \">\n\n            <div class=\"content\">\n               <h3><strong>Hervorragende Milch, minimale Umweltbelastung<\/strong><\/h3>\n<p>Die geringere Gr\u00f6\u00dfe der Jerseyk\u00fche und ihre bescheidenen Anspr\u00fcche an das Futter bedeuten, dass sie einen kleineren \u00f6kologischen \u201eHufabdruck\u201c verursachen \u2013 sie sind perfekt f\u00fcr die biologische Landwirtschaft geeignet. Aber diese kleinen Rinder haben noch mehr zu bieten als nur einen kleinen Hufabdruck: Sie produzieren die cremigste Milch im ganzen K\u00f6nigreich der K\u00fche, reich an Proteinen und voller Geschmack. Perfekt, um unsere Eiscreme so unwiderstehlich zu machen! Noch k\u00f6stlicher und 100% biologisch. Gro\u00dfartiger Geschmack und ein gutes Gef\u00fchl.<\/p>\n\n                           <\/div>\n\n            <\/div>\n\n            <div class=\"cell text-center small-order-1 large-5  \">\n\n               \n               <img loading=\"lazy\" decoding=\"async\" width=\"826\" height=\"720\" src=\"https:\/\/icecreammakers.world\/wp-content\/uploads\/2021\/05\/milk@2x-826x720.png\" class=\"image\" alt=\"\" srcset=\"https:\/\/icecreammakers.world\/wp-content\/uploads\/2021\/05\/milk@2x-826x720.png 826w, https:\/\/icecreammakers.world\/wp-content\/uploads\/2021\/05\/milk@2x-550x480.png 550w, https:\/\/icecreammakers.world\/wp-content\/uploads\/2021\/05\/milk@2x-768x670.png 768w, https:\/\/icecreammakers.world\/wp-content\/uploads\/2021\/05\/milk@2x-1536x1340.png 1536w, https:\/\/icecreammakers.world\/wp-content\/uploads\/2021\/05\/milk@2x.png 1728w\" sizes=\"auto, (max-width: 826px) 100vw, 826px\" \/>            <\/div>\n         <\/div>\n      <\/div>\n   <\/div>\n<\/div>\n\n\n<div class=\"block background light-green usps\">\n   <div class=\"grid-container\">\n      <h3 class=\"text-center\">Bessere Eiscreme aus besserer Milch:<\/h3>\n      <div class=\"grid-x grid-margin-x align-center\">\n         \n             <div class=\"cell small-6 large-2 text-center\">\n               <div class=\"item\">\n                  <div class=\"circle\">\n                     <img loading=\"lazy\" decoding=\"async\" width=\"31\" height=\"50\" src=\"https:\/\/icecreammakers.world\/wp-content\/uploads\/2021\/05\/milk.svg\" class=\"icon\" alt=\"\" \/>                  <\/div>\n                  <h4> A2-A2-Milch<\/h4>\n               <\/div>\n             <\/div>\n\n         \n             <div class=\"cell small-6 large-2 text-center\">\n               <div class=\"item\">\n                  <div class=\"circle\">\n                     <img loading=\"lazy\" decoding=\"async\" width=\"50\" height=\"35\" src=\"https:\/\/icecreammakers.world\/wp-content\/uploads\/2021\/05\/crop.svg\" class=\"icon\" alt=\"\" \/>                  <\/div>\n                  <h4> Ohne genver\u00e4nderte Futtermittel<\/h4>\n               <\/div>\n             <\/div>\n\n         \n             <div class=\"cell small-6 large-2 text-center\">\n               <div class=\"item\">\n                  <div class=\"circle\">\n                     <img loading=\"lazy\" decoding=\"async\" width=\"49\" height=\"49\" src=\"https:\/\/icecreammakers.world\/wp-content\/uploads\/2021\/05\/dna.svg\" class=\"icon\" alt=\"\" \/>                  <\/div>\n                  <h4> Einzigartige Fetts\u00e4uremuster<\/h4>\n               <\/div>\n             <\/div>\n\n         \n             <div class=\"cell small-6 large-2 text-center\">\n               <div class=\"item\">\n                  <div class=\"circle\">\n                     <img loading=\"lazy\" decoding=\"async\" width=\"61\" height=\"38\" src=\"https:\/\/icecreammakers.world\/wp-content\/uploads\/2021\/05\/cow.svg\" class=\"icon\" alt=\"\" \/>                  <\/div>\n                  <h4> Hoher Fett- und Proteingehalt<\/h4>\n               <\/div>\n             <\/div>\n\n         \n             <div class=\"cell small-6 large-2 text-center\">\n               <div class=\"item\">\n                  <div class=\"circle\">\n                     <img loading=\"lazy\" decoding=\"async\" width=\"50\" height=\"35\" src=\"https:\/\/icecreammakers.world\/wp-content\/uploads\/2021\/05\/crop.svg\" class=\"icon\" alt=\"\" \/>                  <\/div>\n                  <h4> Biologisch<\/h4>\n               <\/div>\n             <\/div>\n\n               <\/div>\n   <\/div>\n<\/div>\n","protected":false},"excerpt":{"rendered":"","protected":false},"author":1,"featured_media":811,"parent":0,"menu_order":0,"comment_status":"closed","ping_status":"closed","template":"","meta":{"_acf_changed":false,"footnotes":""},"class_list":["post-855","page","type-page","status-publish","has-post-thumbnail","hentry"],"acf":[],"_links":{"self":[{"href":"https:\/\/icecreammakers.world\/de\/wp-json\/wp\/v2\/pages\/855","targetHints":{"allow":["GET"]}}],"collection":[{"href":"https:\/\/icecreammakers.world\/de\/wp-json\/wp\/v2\/pages"}],"about":[{"href":"https:\/\/icecreammakers.world\/de\/wp-json\/wp\/v2\/types\/page"}],"author":[{"embeddable":true,"href":"https:\/\/icecreammakers.world\/de\/wp-json\/wp\/v2\/users\/1"}],"replies":[{"embeddable":true,"href":"https:\/\/icecreammakers.world\/de\/wp-json\/wp\/v2\/comments?post=855"}],"version-history":[{"count":0,"href":"https:\/\/icecreammakers.world\/de\/wp-json\/wp\/v2\/pages\/855\/revisions"}],"wp:featuredmedia":[{"embeddable":true,"href":"https:\/\/icecreammakers.world\/de\/wp-json\/wp\/v2\/media\/811"}],"wp:attachment":[{"href":"https:\/\/icecreammakers.world\/de\/wp-json\/wp\/v2\/media?parent=855"}],"curies":[{"name":"wp","href":"https:\/\/api.w.org\/{rel}","templated":true}]}}