{"id":849,"date":"2021-06-24T10:04:33","date_gmt":"2021-06-24T08:04:33","guid":{"rendered":"https:\/\/organicjerseyfarm.okaia.dev\/?page_id=849"},"modified":"2021-11-10T12:56:51","modified_gmt":"2021-11-10T11:56:51","slug":"eiscreme","status":"publish","type":"page","link":"https:\/\/icecreammakers.world\/de\/eiscreme\/","title":{"rendered":"Eiscreme"},"content":{"rendered":"<div class=\"block \">\n   <div class=\"inner\">\n      <div class=\"grid-container\">\n         <div class=\"grid-x grid-margin-x align-center\">\n\n            <div class=\"cell large-4 text-center\">\n               <h3>Kundenspezifisch \u2013 wir kreieren zusammen mit Ihnen <\/h3>\n            <\/div>\n\n            <div class=\"cell large-12\">\n               <div class=\"card-slider\">\n\n                                          <div class=\"carousel-cell\">\n                            <div class=\"card\">\n                              <div class=\"card-section\">\n                                 <p>Wir produzieren Bio-Eiscreme als private Label und\/oder fancy Label.<\/p>\n                              <\/div>\n                            <\/div>\n                            <img loading=\"lazy\" decoding=\"async\" width=\"620\" height=\"720\" src=\"https:\/\/icecreammakers.world\/wp-content\/uploads\/2021\/04\/scoop1-1-620x720.jpg\" class=\"image\" alt=\"\" srcset=\"https:\/\/icecreammakers.world\/wp-content\/uploads\/2021\/04\/scoop1-1-620x720.jpg 620w, https:\/\/icecreammakers.world\/wp-content\/uploads\/2021\/04\/scoop1-1-413x480.jpg 413w, https:\/\/icecreammakers.world\/wp-content\/uploads\/2021\/04\/scoop1-1-768x892.jpg 768w, https:\/\/icecreammakers.world\/wp-content\/uploads\/2021\/04\/scoop1-1.jpg 1131w\" sizes=\"auto, (max-width: 620px) 100vw, 620px\" \/>                        <\/div>\n                                          <div class=\"carousel-cell\">\n                            <div class=\"card\">\n                              <div class=\"card-section\">\n                                 <p>Wir arbeiten gern mit Ihnen zusammen, um eine vielf\u00e4ltige Palette an Geschmacksvarianten zu kreieren und herzustellen. <\/br><\/p>\n                              <\/div>\n                            <\/div>\n                            <img loading=\"lazy\" decoding=\"async\" width=\"620\" height=\"720\" src=\"https:\/\/icecreammakers.world\/wp-content\/uploads\/2021\/04\/scoop2-1-620x720.jpg\" class=\"image\" alt=\"\" srcset=\"https:\/\/icecreammakers.world\/wp-content\/uploads\/2021\/04\/scoop2-1-620x720.jpg 620w, https:\/\/icecreammakers.world\/wp-content\/uploads\/2021\/04\/scoop2-1-413x480.jpg 413w, https:\/\/icecreammakers.world\/wp-content\/uploads\/2021\/04\/scoop2-1-768x892.jpg 768w, https:\/\/icecreammakers.world\/wp-content\/uploads\/2021\/04\/scoop2-1.jpg 1131w\" sizes=\"auto, (max-width: 620px) 100vw, 620px\" \/>                        <\/div>\n                                          <div class=\"carousel-cell\">\n                            <div class=\"card\">\n                              <div class=\"card-section\">\n                                 <p>Mit innovativen Ideen unterst\u00fctzen wir unsere Kunden, den Verkauf von Eiscreme zu steigern. <\/p>\n                              <\/div>\n                            <\/div>\n                            <img loading=\"lazy\" decoding=\"async\" width=\"620\" height=\"720\" src=\"https:\/\/icecreammakers.world\/wp-content\/uploads\/2021\/04\/scoop3-1-620x720.jpg\" class=\"image\" alt=\"\" srcset=\"https:\/\/icecreammakers.world\/wp-content\/uploads\/2021\/04\/scoop3-1-620x720.jpg 620w, https:\/\/icecreammakers.world\/wp-content\/uploads\/2021\/04\/scoop3-1-413x480.jpg 413w, https:\/\/icecreammakers.world\/wp-content\/uploads\/2021\/04\/scoop3-1-768x892.jpg 768w, https:\/\/icecreammakers.world\/wp-content\/uploads\/2021\/04\/scoop3-1.jpg 1131w\" sizes=\"auto, (max-width: 620px) 100vw, 620px\" \/>                        <\/div>\n                  \n               <\/div>\n            <\/div>\n\n         <\/div>\n      <\/div>\n   <\/div>\n<\/div>\n\n\n<div class=\"block textblock-image background light-green\"  >\n   <div class=\"inner\">\n      <div class=\"grid-container\">\n         <div class=\"grid-x grid-margin-x  align-middle\">\n\n            <div class=\"cell large-6 small-order-2 \">\n\n            <div class=\"content\">\n               <h3>Ansprechende Verpackung<\/h3>\n<p class=\"p1\">Sie k\u00f6nnen aus verschiedenen Verpackungsgr\u00f6\u00dfen w\u00e4hlen: von 80 ml bis 5 l. Was auch immer Sie w\u00fcnschen, gemeinsam mit Ihnen erarbeiten wir die passende Verpackung f\u00fcr Ihre Eiscreme.<\/p>\n\n                                  <a class=\"button\" href=\"https:\/\/icecreammakers.world\/de\/kontakt\/\" target=\"_self\">Kontakt<\/a>\n                            <\/div>\n\n            <\/div>\n\n            <div class=\"cell text-center small-order-1  large-5 large-order-2 large-offset-1\">\n\n                                 <p class=\"capitals\">Jede Gr\u00f6\u00dfe geht<\/p>\n                  <br>\n               \n               <img loading=\"lazy\" decoding=\"async\" width=\"371\" height=\"107\" src=\"https:\/\/icecreammakers.world\/wp-content\/uploads\/2021\/05\/tubs.svg\" class=\"image\" alt=\"\" \/>            <\/div>\n         <\/div>\n      <\/div>\n   <\/div>\n<\/div>\n\n\n<div class=\"block background imagebox\">\n   <img loading=\"lazy\" decoding=\"async\" width=\"840\" height=\"659\" src=\"https:\/\/icecreammakers.world\/wp-content\/uploads\/2021\/05\/background.jpg\" class=\"background-image show-for-large\" alt=\"\" srcset=\"https:\/\/icecreammakers.world\/wp-content\/uploads\/2021\/05\/background.jpg 840w, https:\/\/icecreammakers.world\/wp-content\/uploads\/2021\/05\/background-612x480.jpg 612w\" sizes=\"auto, (max-width: 840px) 100vw, 840px\" \/>\n            <div class=\"hide-for-large text-center\" style=\"background: url('https:\/\/icecreammakers.world\/wp-content\/uploads\/2021\/05\/background.jpg')no-repeat center center \/ cover;\">\n         <img loading=\"lazy\" decoding=\"async\" width=\"328\" height=\"720\" src=\"https:\/\/icecreammakers.world\/wp-content\/uploads\/2021\/05\/waffles-328x720.png\" class=\"image\" alt=\"\" srcset=\"https:\/\/icecreammakers.world\/wp-content\/uploads\/2021\/05\/waffles-328x720.png 328w, https:\/\/icecreammakers.world\/wp-content\/uploads\/2021\/05\/waffles-218x480.png 218w, https:\/\/icecreammakers.world\/wp-content\/uploads\/2021\/05\/waffles.png 385w\" sizes=\"auto, (max-width: 328px) 100vw, 328px\" \/>      <\/div>\n\n   <div class=\"inner\">\n      <div class=\"grid-container\">\n         <div class=\"grid-x grid-margin-x  align-middle\">\n\n            <div class=\"cell  small-order-2 large-5 large-order-2 large-offset-1 \">\n               <div class=\"content\">\n                  <h3 class=\"p1\">Lassen Sie uns gemeinsam einmalige Geschmacksvarianten kreieren<\/h3>\n<p class=\"p1\">Einer unserer Superstars mit vollem Geschmack und viel Herz f\u00fcr unseren Planeten ist: Little Cow &amp; Cookies. Bio-Eiscreme aus Milch von Jerseyk\u00fchen mit einzigartigen Keksst\u00fcckchen nach traditioneller europ\u00e4ischer Rezeptur. Ein Beispiel daf\u00fcr, wie einmalig k\u00f6stlich und kreativ unsere Eiscreme sein kann.<\/p>\n\n                                        <a class=\"button nbm\" href=\"https:\/\/icecreammakers.world\/de\/kontakt\/\" target=\"_self\">Erstelle dein eigenes<\/a>\n                                  <\/div>\n            <\/div>\n\n            <div class=\"cell large-6 text-center show-for-large  \">\n\n               <img loading=\"lazy\" decoding=\"async\" width=\"328\" height=\"720\" src=\"https:\/\/icecreammakers.world\/wp-content\/uploads\/2021\/05\/waffles-328x720.png\" class=\" image\" alt=\"\" srcset=\"https:\/\/icecreammakers.world\/wp-content\/uploads\/2021\/05\/waffles-328x720.png 328w, https:\/\/icecreammakers.world\/wp-content\/uploads\/2021\/05\/waffles-218x480.png 218w, https:\/\/icecreammakers.world\/wp-content\/uploads\/2021\/05\/waffles.png 385w\" sizes=\"auto, (max-width: 328px) 100vw, 328px\" \/>\n            <\/div>\n         <\/div>\n      <\/div>\n   <\/div>\n<\/div>\n\n\n<div class=\"cta-bar\">\n   <div class=\"grid-container\">\n      <div class=\"grid-x grid-margin-x\">\n\n         <div class=\"cell large-6\">\n                            <a  href=\"https:\/\/icecreammakers.world\/de\/unsere-manufaktur\/\" target=\"_self\">\n                  <div class=\"cta-button\">\n                     <div class=\"circle\">\n                        <img decoding=\"async\" src=\"https:\/\/icecreammakers.world\/wp-content\/themes\/tojf\/img\/icons\/angle-right.svg\" alt=\"\">\n                     <\/div>\n                     <div class=\"title\">\n                        Mehr \u00fcber unsere Fabrik                     <\/div>\n                  <\/div>\n               <\/a>\n                      <\/div>\n\n         <div class=\"cell large-6\">\n                            <a  href=\"https:\/\/icecreammakers.world\/de\/nachhaltigkeit\/\" target=\"_self\">\n                  <div class=\"cta-button\">\n                     <div class=\"circle\">\n                        <img decoding=\"async\" src=\"https:\/\/icecreammakers.world\/wp-content\/themes\/tojf\/img\/icons\/angle-right.svg\" alt=\"\">\n                     <\/div>\n                     <div class=\"title\">\n                        Mehr zu unserem Nachhaltigkeitsprogramm                     <\/div>\n                  <\/div>\n               <\/a>\n                      <\/div>\n\n      <\/div>\n   <\/div>\n<\/div>\n","protected":false},"excerpt":{"rendered":"","protected":false},"author":1,"featured_media":756,"parent":0,"menu_order":0,"comment_status":"closed","ping_status":"closed","template":"","meta":{"_acf_changed":false,"footnotes":""},"class_list":["post-849","page","type-page","status-publish","has-post-thumbnail","hentry"],"acf":[],"_links":{"self":[{"href":"https:\/\/icecreammakers.world\/de\/wp-json\/wp\/v2\/pages\/849","targetHints":{"allow":["GET"]}}],"collection":[{"href":"https:\/\/icecreammakers.world\/de\/wp-json\/wp\/v2\/pages"}],"about":[{"href":"https:\/\/icecreammakers.world\/de\/wp-json\/wp\/v2\/types\/page"}],"author":[{"embeddable":true,"href":"https:\/\/icecreammakers.world\/de\/wp-json\/wp\/v2\/users\/1"}],"replies":[{"embeddable":true,"href":"https:\/\/icecreammakers.world\/de\/wp-json\/wp\/v2\/comments?post=849"}],"version-history":[{"count":0,"href":"https:\/\/icecreammakers.world\/de\/wp-json\/wp\/v2\/pages\/849\/revisions"}],"wp:featuredmedia":[{"embeddable":true,"href":"https:\/\/icecreammakers.world\/de\/wp-json\/wp\/v2\/media\/756"}],"wp:attachment":[{"href":"https:\/\/icecreammakers.world\/de\/wp-json\/wp\/v2\/media?parent=849"}],"curies":[{"name":"wp","href":"https:\/\/api.w.org\/{rel}","templated":true}]}}