{"id":845,"date":"2021-06-24T09:59:18","date_gmt":"2021-06-24T07:59:18","guid":{"rendered":"https:\/\/organicjerseyfarm.okaia.dev\/?page_id=845"},"modified":"2021-10-12T14:51:59","modified_gmt":"2021-10-12T12:51:59","slug":"creme-glacee","status":"publish","type":"page","link":"https:\/\/icecreammakers.world\/fr\/creme-glacee\/","title":{"rendered":"Cr\u00e8me glac\u00e9e"},"content":{"rendered":"<div class=\"block \">\n   <div class=\"inner\">\n      <div class=\"grid-container\">\n         <div class=\"grid-x grid-margin-x align-center\">\n\n            <div class=\"cell large-4 text-center\">\n               <h3>Sur mesure &#8211; nous collaborons avec vous<\/h3>\n            <\/div>\n\n            <div class=\"cell large-12\">\n               <div class=\"card-slider\">\n\n                                          <div class=\"carousel-cell\">\n                            <div class=\"card\">\n                              <div class=\"card-section\">\n                                 <p>Sur mesure &#8211; nous collaborons avec vous.<\/p>\n                              <\/div>\n                            <\/div>\n                            <img loading=\"lazy\" decoding=\"async\" width=\"620\" height=\"720\" src=\"https:\/\/icecreammakers.world\/wp-content\/uploads\/2021\/04\/scoop1-1-620x720.jpg\" class=\"image\" alt=\"\" srcset=\"https:\/\/icecreammakers.world\/wp-content\/uploads\/2021\/04\/scoop1-1-620x720.jpg 620w, https:\/\/icecreammakers.world\/wp-content\/uploads\/2021\/04\/scoop1-1-413x480.jpg 413w, https:\/\/icecreammakers.world\/wp-content\/uploads\/2021\/04\/scoop1-1-768x892.jpg 768w, https:\/\/icecreammakers.world\/wp-content\/uploads\/2021\/04\/scoop1-1.jpg 1131w\" sizes=\"auto, (max-width: 620px) 100vw, 620px\" \/>                        <\/div>\n                                          <div class=\"carousel-cell\">\n                            <div class=\"card\">\n                              <div class=\"card-section\">\n                                 <p>Nous collaborons avec vous pour cr\u00e9er et produire une large gamme de parfums.<\/p>\n                              <\/div>\n                            <\/div>\n                            <img loading=\"lazy\" decoding=\"async\" width=\"620\" height=\"720\" src=\"https:\/\/icecreammakers.world\/wp-content\/uploads\/2021\/04\/scoop2-1-620x720.jpg\" class=\"image\" alt=\"\" srcset=\"https:\/\/icecreammakers.world\/wp-content\/uploads\/2021\/04\/scoop2-1-620x720.jpg 620w, https:\/\/icecreammakers.world\/wp-content\/uploads\/2021\/04\/scoop2-1-413x480.jpg 413w, https:\/\/icecreammakers.world\/wp-content\/uploads\/2021\/04\/scoop2-1-768x892.jpg 768w, https:\/\/icecreammakers.world\/wp-content\/uploads\/2021\/04\/scoop2-1.jpg 1131w\" sizes=\"auto, (max-width: 620px) 100vw, 620px\" \/>                        <\/div>\n                                          <div class=\"carousel-cell\">\n                            <div class=\"card\">\n                              <div class=\"card-section\">\n                                 <p>Et nous aimons innover et aider nos clients \u00e0 d\u00e9velopper la cat\u00e9gorie des glaces.<\/p>\n                              <\/div>\n                            <\/div>\n                            <img loading=\"lazy\" decoding=\"async\" width=\"620\" height=\"720\" src=\"https:\/\/icecreammakers.world\/wp-content\/uploads\/2021\/04\/scoop3-1-620x720.jpg\" class=\"image\" alt=\"\" srcset=\"https:\/\/icecreammakers.world\/wp-content\/uploads\/2021\/04\/scoop3-1-620x720.jpg 620w, https:\/\/icecreammakers.world\/wp-content\/uploads\/2021\/04\/scoop3-1-413x480.jpg 413w, https:\/\/icecreammakers.world\/wp-content\/uploads\/2021\/04\/scoop3-1-768x892.jpg 768w, https:\/\/icecreammakers.world\/wp-content\/uploads\/2021\/04\/scoop3-1.jpg 1131w\" sizes=\"auto, (max-width: 620px) 100vw, 620px\" \/>                        <\/div>\n                  \n               <\/div>\n            <\/div>\n\n         <\/div>\n      <\/div>\n   <\/div>\n<\/div>\n\n\n<div class=\"block textblock-image background light-green\"  >\n   <div class=\"inner\">\n      <div class=\"grid-container\">\n         <div class=\"grid-x grid-margin-x  align-middle\">\n\n            <div class=\"cell large-6 small-order-2 \">\n\n            <div class=\"content\">\n               <h3>Un conditionnement pour plaire<\/h3>\n<p>Vous pouvez choisir parmi diff\u00e9rents types de conditionnements : de 80 ml \u00e0 5 l.<\/p>\n<p>Quels que soient vos besoins, nous collaborons avec vous pour que vos glaces vous conviennent enti\u00e8rement.<\/p>\n\n                                  <a class=\"button\" href=\"https:\/\/the-organic-jerseyfarm.com\/contact\/\" target=\"_self\">Contact us<\/a>\n                            <\/div>\n\n            <\/div>\n\n            <div class=\"cell text-center small-order-1  large-5 large-order-2 large-offset-1\">\n\n                                 <p class=\"capitals\">Any size goes<\/p>\n                  <br>\n               \n               <img loading=\"lazy\" decoding=\"async\" width=\"371\" height=\"107\" src=\"https:\/\/icecreammakers.world\/wp-content\/uploads\/2021\/05\/tubs.svg\" class=\"image\" alt=\"\" \/>            <\/div>\n         <\/div>\n      <\/div>\n   <\/div>\n<\/div>\n\n\n<div class=\"block background imagebox\">\n   <img loading=\"lazy\" decoding=\"async\" width=\"840\" height=\"659\" src=\"https:\/\/icecreammakers.world\/wp-content\/uploads\/2021\/05\/background.jpg\" class=\"background-image show-for-large\" alt=\"\" srcset=\"https:\/\/icecreammakers.world\/wp-content\/uploads\/2021\/05\/background.jpg 840w, https:\/\/icecreammakers.world\/wp-content\/uploads\/2021\/05\/background-612x480.jpg 612w\" sizes=\"auto, (max-width: 840px) 100vw, 840px\" \/>\n            <div class=\"hide-for-large text-center\" style=\"background: url('https:\/\/icecreammakers.world\/wp-content\/uploads\/2021\/05\/background.jpg')no-repeat center center \/ cover;\">\n         <img loading=\"lazy\" decoding=\"async\" width=\"328\" height=\"720\" src=\"https:\/\/icecreammakers.world\/wp-content\/uploads\/2021\/05\/waffles-328x720.png\" class=\"image\" alt=\"\" srcset=\"https:\/\/icecreammakers.world\/wp-content\/uploads\/2021\/05\/waffles-328x720.png 328w, https:\/\/icecreammakers.world\/wp-content\/uploads\/2021\/05\/waffles-218x480.png 218w, https:\/\/icecreammakers.world\/wp-content\/uploads\/2021\/05\/waffles.png 385w\" sizes=\"auto, (max-width: 328px) 100vw, 328px\" \/>      <\/div>\n\n   <div class=\"inner\">\n      <div class=\"grid-container\">\n         <div class=\"grid-x grid-margin-x  align-middle\">\n\n            <div class=\"cell  small-order-2 large-5 large-order-2 large-offset-1 \">\n               <div class=\"content\">\n                  <h3>Cr\u00e9ons ensemble des saveurs d\u00e9licieuses<\/h3>\n<p>Voici l&rsquo;une de nos super stars, avec de <em>grandes saveurs pour une petite plan\u00e8te<\/em> : Little Cow &amp; Cookies. Une cr\u00e8me glac\u00e9e biologique de lait Jersey, m\u00e9lang\u00e9e \u00e0 des biscuits uniques, issus de recettes europ\u00e9ennes traditionnelles. Cet exemple montre les saveurs exquises et cr\u00e9atives de nos cr\u00e8mes glac\u00e9es.<\/p>\n\n                                        <a class=\"button nbm\" href=\"https:\/\/icecreammakers.world\/fr\/contact\/\" target=\"_self\">Create your own<\/a>\n                                  <\/div>\n            <\/div>\n\n            <div class=\"cell large-6 text-center show-for-large  \">\n\n               <img loading=\"lazy\" decoding=\"async\" width=\"328\" height=\"720\" src=\"https:\/\/icecreammakers.world\/wp-content\/uploads\/2021\/05\/waffles-328x720.png\" class=\" image\" alt=\"\" srcset=\"https:\/\/icecreammakers.world\/wp-content\/uploads\/2021\/05\/waffles-328x720.png 328w, https:\/\/icecreammakers.world\/wp-content\/uploads\/2021\/05\/waffles-218x480.png 218w, https:\/\/icecreammakers.world\/wp-content\/uploads\/2021\/05\/waffles.png 385w\" sizes=\"auto, (max-width: 328px) 100vw, 328px\" \/>\n            <\/div>\n         <\/div>\n      <\/div>\n   <\/div>\n<\/div>\n\n\n<div class=\"cta-bar\">\n   <div class=\"grid-container\">\n      <div class=\"grid-x grid-margin-x\">\n\n         <div class=\"cell large-6\">\n                            <a  href=\"https:\/\/the-organic-jerseyfarm.com\/factory\/\" target=\"_self\">\n                  <div class=\"cta-button\">\n                     <div class=\"circle\">\n                        <img decoding=\"async\" src=\"https:\/\/icecreammakers.world\/wp-content\/themes\/tojf\/img\/icons\/angle-right.svg\" alt=\"\">\n                     <\/div>\n                     <div class=\"title\">\n                        More about our Factory                     <\/div>\n                  <\/div>\n               <\/a>\n                      <\/div>\n\n         <div class=\"cell large-6\">\n                            <a  href=\"https:\/\/the-organic-jerseyfarm.com\/sustainability\/\" target=\"_self\">\n                  <div class=\"cta-button\">\n                     <div class=\"circle\">\n                        <img decoding=\"async\" src=\"https:\/\/icecreammakers.world\/wp-content\/themes\/tojf\/img\/icons\/angle-right.svg\" alt=\"\">\n                     <\/div>\n                     <div class=\"title\">\n                        More about our sustainability program                     <\/div>\n                  <\/div>\n               <\/a>\n                      <\/div>\n\n      <\/div>\n   <\/div>\n<\/div>\n","protected":false},"excerpt":{"rendered":"","protected":false},"author":1,"featured_media":755,"parent":0,"menu_order":0,"comment_status":"closed","ping_status":"closed","template":"","meta":{"_acf_changed":false,"footnotes":""},"class_list":["post-845","page","type-page","status-publish","has-post-thumbnail","hentry"],"acf":[],"_links":{"self":[{"href":"https:\/\/icecreammakers.world\/fr\/wp-json\/wp\/v2\/pages\/845","targetHints":{"allow":["GET"]}}],"collection":[{"href":"https:\/\/icecreammakers.world\/fr\/wp-json\/wp\/v2\/pages"}],"about":[{"href":"https:\/\/icecreammakers.world\/fr\/wp-json\/wp\/v2\/types\/page"}],"author":[{"embeddable":true,"href":"https:\/\/icecreammakers.world\/fr\/wp-json\/wp\/v2\/users\/1"}],"replies":[{"embeddable":true,"href":"https:\/\/icecreammakers.world\/fr\/wp-json\/wp\/v2\/comments?post=845"}],"version-history":[{"count":0,"href":"https:\/\/icecreammakers.world\/fr\/wp-json\/wp\/v2\/pages\/845\/revisions"}],"wp:featuredmedia":[{"embeddable":true,"href":"https:\/\/icecreammakers.world\/fr\/wp-json\/wp\/v2\/media\/755"}],"wp:attachment":[{"href":"https:\/\/icecreammakers.world\/fr\/wp-json\/wp\/v2\/media?parent=845"}],"curies":[{"name":"wp","href":"https:\/\/api.w.org\/{rel}","templated":true}]}}